{"id":554,"date":"2024-01-11T08:11:17","date_gmt":"2024-01-11T08:11:17","guid":{"rendered":"https:\/\/wine.autumn-staging.com\/our-pillars\/"},"modified":"2024-03-18T21:23:21","modified_gmt":"2024-03-18T21:23:21","slug":"our-pillars","status":"publish","type":"page","link":"https:\/\/www.vinaelrosal.com\/es\/our-pillars\/","title":{"rendered":"Nuestros Pilares"},"content":{"rendered":"<div id=\"our-pillars\" class=\"our-pillars-section about-sub-section\">\n<div class=\"our-pillars-wrapper\">\n<div class=\"our-pillars-top-section\"><img decoding=\"async\" src=\"https:\/\/www.vinaelrosal.com\/wp-content\/uploads\/2024\/01\/our-pillars-1.jpg\" \/><img decoding=\"async\" src=\"https:\/\/www.vinaelrosal.com\/wp-content\/uploads\/2024\/01\/our-pillars-2.jpg\" \/><img decoding=\"async\" src=\"https:\/\/www.vinaelrosal.com\/wp-content\/uploads\/2024\/01\/our-pillars-3.jpg\" \/><\/div>\n<div class=\"our-pillars-bottom-section\">\n<p style=\"text-align: justify;\">Descubre el mundo de Vi\u00f1a El Rosal donde combinamos un enfoque boutique con un profundo compromiso con la calidad, el servicio al cliente y la sostenibilidad. Estamos orgullosos de elaborar vinos excepcionales y, al mismo tiempo, cuidar la naturaleza a trav\u00e9s de pr\u00e1cticas sostenibles.<\/p>\n<p style=\"text-align: justify;\">Nuestro enfoque est\u00e1 presente en cada paso del proceso de elaboraci\u00f3n del vino asegurando la obtenci\u00f3n de un producto sobresaliente. Como bodega boutique, ofrecemos un servicio personalizado, satisfaciendo las necesidades de nuestros clientes y construyendo relaciones perdurables en el tiempo.<\/p>\n<p style=\"text-align: justify;\">En Vi\u00f1a El Rosal nos apasiona elaborar grandes vinos y nos dedicamos igualmente a nuestros clientes y al medio ambiente. Disfrute de un mundo donde cada copa refleja nuestro compromiso con la excelencia, con nuestros clientes y un futuro sostenible.<\/p>\n<\/div>\n<\/div>\n<\/div>\n<div class=\"our-pillars-treat-section\">\n<div class=\"our-pillars-treat-wrapper\">\n<h3>CAREFULLY GROWN, PASSIONATELY CRAFTED<\/h3>\n<h4>TRATAMOS CADA CUARTEL, VINO Y LOTE COMO UN PRODUCTO \u00daNICO E IRREPETIBLE, QUE CUIDAMOS Y ELABORAMOS CON PASI\u00d3N EN NUESTRA BODEGA.<\/h4>\n<\/div>\n<\/div>\n","protected":false},"excerpt":{"rendered":"<p>Descubre el mundo de Vi\u00f1a El Rosal donde combinamos un enfoque boutique con un profundo compromiso con la calidad, el servicio al cliente y la sostenibilidad. Estamos orgullosos de elaborar vinos excepcionales y, al mismo tiempo, cuidar la naturaleza a trav\u00e9s de pr\u00e1cticas sostenibles. Nuestro enfoque est\u00e1 presente en cada paso del proceso de elaboraci\u00f3n [&hellip;]<\/p>\n","protected":false},"author":1,"featured_media":0,"parent":0,"menu_order":0,"comment_status":"closed","ping_status":"closed","template":"","meta":{"_acf_changed":false,"_genesis_hide_title":false,"_genesis_hide_breadcrumbs":false,"_genesis_hide_singular_image":false,"_genesis_hide_footer_widgets":false,"_genesis_custom_body_class":"our-pillars-page","_genesis_custom_post_class":"","_genesis_layout":"full-width-content","footnotes":""},"class_list":{"0":"post-554","1":"page","2":"type-page","3":"status-publish","5":"entry"},"acf":[],"_links":{"self":[{"href":"https:\/\/www.vinaelrosal.com\/es\/wp-json\/wp\/v2\/pages\/554","targetHints":{"allow":["GET"]}}],"collection":[{"href":"https:\/\/www.vinaelrosal.com\/es\/wp-json\/wp\/v2\/pages"}],"about":[{"href":"https:\/\/www.vinaelrosal.com\/es\/wp-json\/wp\/v2\/types\/page"}],"author":[{"embeddable":true,"href":"https:\/\/www.vinaelrosal.com\/es\/wp-json\/wp\/v2\/users\/1"}],"replies":[{"embeddable":true,"href":"https:\/\/www.vinaelrosal.com\/es\/wp-json\/wp\/v2\/comments?post=554"}],"version-history":[{"count":2,"href":"https:\/\/www.vinaelrosal.com\/es\/wp-json\/wp\/v2\/pages\/554\/revisions"}],"predecessor-version":[{"id":873,"href":"https:\/\/www.vinaelrosal.com\/es\/wp-json\/wp\/v2\/pages\/554\/revisions\/873"}],"wp:attachment":[{"href":"https:\/\/www.vinaelrosal.com\/es\/wp-json\/wp\/v2\/media?parent=554"}],"curies":[{"name":"wp","href":"https:\/\/api.w.org\/{rel}","templated":true}]}}