{"id":556,"date":"2024-01-11T08:35:28","date_gmt":"2024-01-11T08:35:28","guid":{"rendered":"https:\/\/wine.autumn-staging.com\/quality-and-care\/"},"modified":"2024-03-18T21:23:57","modified_gmt":"2024-03-18T21:23:57","slug":"quality-and-care","status":"publish","type":"page","link":"https:\/\/www.vinaelrosal.com\/es\/quality-and-care\/","title":{"rendered":"Calidad y Sostenibilidad"},"content":{"rendered":"<div class=\"about-quality-section about-sub-section\">\n<div class=\"about-quality-wrapper\">\n<div class=\"about-quality-left-section\"><img loading=\"lazy\" decoding=\"async\" class=\"alignnone size-full wp-image-780\" src=\"https:\/\/www.vinaelrosal.com\/wp-content\/uploads\/2024\/02\/Vineyards-1.jpg\" alt=\"\" width=\"234\" height=\"259\" \/><br \/>\n<img decoding=\"async\" src=\"https:\/\/www.vinaelrosal.com\/wp-content\/uploads\/2024\/02\/Vinification.jpg\" \/><br \/>\n<img decoding=\"async\" src=\"https:\/\/www.vinaelrosal.com\/wp-content\/uploads\/2024\/01\/quality-and-care.png\" \/><\/div>\n<div class=\"about-quality-middle-section\">\n<p style=\"text-align: justify;\"><span style=\"color: #ac0410; font-weight: bold;\">Vi\u00f1edos:<\/span> Cultivamos las vides para expresar aut\u00e9nticamente su terru\u00f1o. Desde el suelo hasta la cosecha, cada elemento se maneja cuidadosamente, permitiendo que nuestras uvas encarnen el car\u00e1cter distintivo de nuestros vi\u00f1edos garantizando que nuestros vinos reflejen verdaderamente la belleza natural y la integridad del lugar de donde provienen.<\/p>\n<p style=\"text-align: justify;\"><span style=\"color: #ac0410; font-weight: bold;\">Vinificaci\u00f3n:<\/span> Adoptamos una pr\u00e1ctica muy detallista desde que ingresan las uvas hasta que se vinifican. Nuestras instalaciones de \u00faltima generaci\u00f3n se complementan con la experiencia de nuestro equipo enol\u00f3gico, quien supervisa cada etapa con precisi\u00f3n y pasi\u00f3n. Desde la fermentaci\u00f3n hasta el envejecimiento, cumplimos con rigurosos est\u00e1ndares de calidad, permitiendo que cada vino exprese su car\u00e1cter \u00fanico.<\/p>\n<p style=\"text-align: justify;\"><span style=\"color: #ac0410; font-weight: bold;\">Sostenibilidad:<\/span> M\u00e1s all\u00e1 de la bodega, estamos comprometidos con la responsabilidad medioambiental. Nuestras pr\u00e1cticas sostenibles se extienden a la eficiencia energ\u00e9tica, conservaci\u00f3n del agua, gesti\u00f3n de vi\u00f1edos y reducci\u00f3n de residuos. Creemos en dejar un impacto positivo en el ambiente para las generaciones futuras, compatibilizando el arte de elaborar vino con un profundo respeto por la naturaleza.<\/p>\n<\/div>\n<div class=\"about-quality-right-section\">\n<p><img decoding=\"async\" class=\"vineyards-crafted-logo\" src=\"\/wp-content\/uploads\/2024\/01\/Sello-transparente-logo.png\" \/><\/p>\n<h3>M\u00cdNIMA INTERVENCI\u00d3N, M\u00c1XIMO FOCO EN FRUTA Y ELEGANCIA<\/h3>\n<\/div>\n<\/div>\n<h4>CREEMOS QUE LA FRUTA DEBE EXPRESARSE POR SI SOLA<\/h4>\n<\/div>\n","protected":false},"excerpt":{"rendered":"<p>Vi\u00f1edos: Cultivamos las vides para expresar aut\u00e9nticamente su terru\u00f1o. Desde el suelo hasta la cosecha, cada elemento se maneja cuidadosamente, permitiendo que nuestras uvas encarnen el car\u00e1cter distintivo de nuestros vi\u00f1edos garantizando que nuestros vinos reflejen verdaderamente la belleza natural y la integridad del lugar de donde provienen. Vinificaci\u00f3n: Adoptamos una pr\u00e1ctica muy detallista desde [&hellip;]<\/p>\n","protected":false},"author":1,"featured_media":0,"parent":0,"menu_order":0,"comment_status":"closed","ping_status":"closed","template":"","meta":{"_acf_changed":false,"_genesis_hide_title":false,"_genesis_hide_breadcrumbs":false,"_genesis_hide_singular_image":false,"_genesis_hide_footer_widgets":false,"_genesis_custom_body_class":"quality-and-care-page","_genesis_custom_post_class":"","_genesis_layout":"full-width-content","footnotes":""},"class_list":{"0":"post-556","1":"page","2":"type-page","3":"status-publish","5":"entry"},"acf":[],"_links":{"self":[{"href":"https:\/\/www.vinaelrosal.com\/es\/wp-json\/wp\/v2\/pages\/556","targetHints":{"allow":["GET"]}}],"collection":[{"href":"https:\/\/www.vinaelrosal.com\/es\/wp-json\/wp\/v2\/pages"}],"about":[{"href":"https:\/\/www.vinaelrosal.com\/es\/wp-json\/wp\/v2\/types\/page"}],"author":[{"embeddable":true,"href":"https:\/\/www.vinaelrosal.com\/es\/wp-json\/wp\/v2\/users\/1"}],"replies":[{"embeddable":true,"href":"https:\/\/www.vinaelrosal.com\/es\/wp-json\/wp\/v2\/comments?post=556"}],"version-history":[{"count":2,"href":"https:\/\/www.vinaelrosal.com\/es\/wp-json\/wp\/v2\/pages\/556\/revisions"}],"predecessor-version":[{"id":874,"href":"https:\/\/www.vinaelrosal.com\/es\/wp-json\/wp\/v2\/pages\/556\/revisions\/874"}],"wp:attachment":[{"href":"https:\/\/www.vinaelrosal.com\/es\/wp-json\/wp\/v2\/media?parent=556"}],"curies":[{"name":"wp","href":"https:\/\/api.w.org\/{rel}","templated":true}]}}