{"id":570,"date":"2024-01-12T06:04:26","date_gmt":"2024-01-12T06:04:26","guid":{"rendered":"https:\/\/wine.autumn-staging.com\/the-wine-cellar\/"},"modified":"2024-03-18T21:22:32","modified_gmt":"2024-03-18T21:22:32","slug":"the-wine-cellar","status":"publish","type":"page","link":"https:\/\/www.vinaelrosal.com\/es\/the-wine-cellar\/","title":{"rendered":"La Bodega"},"content":{"rendered":"<div class=\"wine-cellar-section\">\n<div class=\"wine-cellar-wrapper\">\n<div class=\"wine-cellar-left-section\">\n<p style=\"text-align: justify;\">Nuestras instalaciones cuentan con teconolog\u00eda de punta. Contamos con tanques de temperatura controlada que van desde 500 a 50.000 litros, lo que nos brinda la capacidad de realizar microvinificaciones precisas. Este enfoque salvaguarda y maximiza el potencial de nuestro activo m\u00e1s preciado: las uvas.<\/p>\n<p style=\"text-align: justify;\">Contamos con una sala de barricas semisubterr\u00e1nea que alberga m\u00e1s de 1.000 barricas cuidadosamente seleccionadas, en su mayor\u00eda francesas. Aqu\u00ed nuestros vinos envejecen a la perfecci\u00f3n.<\/p>\n<p style=\"text-align: justify;\">Ubicada dentro de la bodega, nuestra l\u00ednea de embotellado nos brinda un control total sobre cada paso del proceso, con la capacidad de examinar hasta el m\u00e1s m\u00ednimo detalle.<\/p>\n<p style=\"text-align: justify;\">Un elemento central de nuestra misi\u00f3n es nuestro compromiso con la calidad del producto. Nuestro equipo de Control de Calidad, respaldado por un laboratorio interno, realiza an\u00e1lisis exhaustivos garantizando que cada botella refleje la excelencia sin\u00f3nimo de Vi\u00f1a El Rosal. <\/p>\n<\/div>\n<div class=\"wine-cellar-right-section\"><img decoding=\"async\" src=\"https:\/\/www.vinaelrosal.com\/wp-content\/uploads\/2024\/01\/wine-cellar-1.jpg\" \/><br \/>\n<img decoding=\"async\" src=\"https:\/\/www.vinaelrosal.com\/wp-content\/uploads\/2024\/01\/wine-cellar-2.png\" \/><\/div>\n<\/div>\n<\/div>\n","protected":false},"excerpt":{"rendered":"<p>Nuestras instalaciones cuentan con teconolog\u00eda de punta. Contamos con tanques de temperatura controlada que van desde 500 a 50.000 litros, lo que nos brinda la capacidad de realizar microvinificaciones precisas. Este enfoque salvaguarda y maximiza el potencial de nuestro activo m\u00e1s preciado: las uvas. Contamos con una sala de barricas semisubterr\u00e1nea que alberga m\u00e1s de [&hellip;]<\/p>\n","protected":false},"author":1,"featured_media":0,"parent":0,"menu_order":0,"comment_status":"closed","ping_status":"closed","template":"","meta":{"_acf_changed":false,"_genesis_hide_title":false,"_genesis_hide_breadcrumbs":false,"_genesis_hide_singular_image":false,"_genesis_hide_footer_widgets":false,"_genesis_custom_body_class":"wine-cellar-page","_genesis_custom_post_class":"","_genesis_layout":"full-width-content","footnotes":""},"class_list":{"0":"post-570","1":"page","2":"type-page","3":"status-publish","5":"entry"},"acf":[],"_links":{"self":[{"href":"https:\/\/www.vinaelrosal.com\/es\/wp-json\/wp\/v2\/pages\/570","targetHints":{"allow":["GET"]}}],"collection":[{"href":"https:\/\/www.vinaelrosal.com\/es\/wp-json\/wp\/v2\/pages"}],"about":[{"href":"https:\/\/www.vinaelrosal.com\/es\/wp-json\/wp\/v2\/types\/page"}],"author":[{"embeddable":true,"href":"https:\/\/www.vinaelrosal.com\/es\/wp-json\/wp\/v2\/users\/1"}],"replies":[{"embeddable":true,"href":"https:\/\/www.vinaelrosal.com\/es\/wp-json\/wp\/v2\/comments?post=570"}],"version-history":[{"count":2,"href":"https:\/\/www.vinaelrosal.com\/es\/wp-json\/wp\/v2\/pages\/570\/revisions"}],"predecessor-version":[{"id":872,"href":"https:\/\/www.vinaelrosal.com\/es\/wp-json\/wp\/v2\/pages\/570\/revisions\/872"}],"wp:attachment":[{"href":"https:\/\/www.vinaelrosal.com\/es\/wp-json\/wp\/v2\/media?parent=570"}],"curies":[{"name":"wp","href":"https:\/\/api.w.org\/{rel}","templated":true}]}}