{"id":589,"date":"2024-01-12T07:30:15","date_gmt":"2024-01-12T07:30:15","guid":{"rendered":"https:\/\/wine.autumn-staging.com\/our-vineyards\/"},"modified":"2024-02-29T00:29:06","modified_gmt":"2024-02-29T00:29:06","slug":"our-vineyards","status":"publish","type":"page","link":"https:\/\/www.vinaelrosal.com\/es\/our-vineyards\/","title":{"rendered":"Nuestros Vi\u00f1edos"},"content":{"rendered":"<div class=\"our-vineyards-wrapper\">\n<div class=\"our-vineyards-top-section\">\n<div class=\"our-vineyards-top-img\"><img decoding=\"async\" src=\"https:\/\/www.vinaelrosal.com\/wp-content\/uploads\/2024\/01\/vineyards.png\" \/><\/div>\n<div class=\"our-vineyards-top-content\">Vi\u00f1a El Rosal posee m\u00e1s de 180 hect\u00e1reas de vi\u00f1edos en el Valle de Casablanca. Gracias a nuestros socios, contamos con acceso a m\u00e1s de 500 hect\u00e1reas en los valles m\u00e1s importantes del pa\u00eds.<\/div>\n<\/div>\n<div class=\"our-vineyards-bottom-section\">\n<div class=\"our-vineyards-bottom-content\">Nuestros vi\u00f1edos representan el terroir donde las variedades muestran su m\u00e1xima expresi\u00f3n y potencial. Estamos constantemente explorando y probando nuevas regiones para seleccionar siempre lo mejor que Chile tiene para ofrecer.<\/div>\n<div class=\"our-vineyards-bottom-img\"><img decoding=\"async\" src=\"https:\/\/www.vinaelrosal.com\/wp-content\/uploads\/2024\/01\/vineyards-1.png\" \/><\/div>\n<\/div>\n<\/div>\n","protected":false},"excerpt":{"rendered":"<p>Vi\u00f1a El Rosal posee m\u00e1s de 180 hect\u00e1reas de vi\u00f1edos en el Valle de Casablanca. Gracias a nuestros socios, contamos con acceso a m\u00e1s de 500 hect\u00e1reas en los valles m\u00e1s importantes del pa\u00eds. Nuestros vi\u00f1edos representan el terroir donde las variedades muestran su m\u00e1xima expresi\u00f3n y potencial. Estamos constantemente explorando y probando nuevas regiones [&hellip;]<\/p>\n","protected":false},"author":1,"featured_media":0,"parent":0,"menu_order":0,"comment_status":"closed","ping_status":"closed","template":"","meta":{"_acf_changed":false,"_genesis_hide_title":false,"_genesis_hide_breadcrumbs":false,"_genesis_hide_singular_image":false,"_genesis_hide_footer_widgets":false,"_genesis_custom_body_class":"our-vineyards-page","_genesis_custom_post_class":"","_genesis_layout":"full-width-content","footnotes":""},"class_list":{"0":"post-589","1":"page","2":"type-page","3":"status-publish","5":"entry"},"acf":[],"_links":{"self":[{"href":"https:\/\/www.vinaelrosal.com\/es\/wp-json\/wp\/v2\/pages\/589","targetHints":{"allow":["GET"]}}],"collection":[{"href":"https:\/\/www.vinaelrosal.com\/es\/wp-json\/wp\/v2\/pages"}],"about":[{"href":"https:\/\/www.vinaelrosal.com\/es\/wp-json\/wp\/v2\/types\/page"}],"author":[{"embeddable":true,"href":"https:\/\/www.vinaelrosal.com\/es\/wp-json\/wp\/v2\/users\/1"}],"replies":[{"embeddable":true,"href":"https:\/\/www.vinaelrosal.com\/es\/wp-json\/wp\/v2\/comments?post=589"}],"version-history":[{"count":2,"href":"https:\/\/www.vinaelrosal.com\/es\/wp-json\/wp\/v2\/pages\/589\/revisions"}],"predecessor-version":[{"id":787,"href":"https:\/\/www.vinaelrosal.com\/es\/wp-json\/wp\/v2\/pages\/589\/revisions\/787"}],"wp:attachment":[{"href":"https:\/\/www.vinaelrosal.com\/es\/wp-json\/wp\/v2\/media?parent=589"}],"curies":[{"name":"wp","href":"https:\/\/api.w.org\/{rel}","templated":true}]}}