{"id":591,"date":"2024-01-17T07:37:27","date_gmt":"2024-01-17T07:37:27","guid":{"rendered":"https:\/\/wine.autumn-staging.com\/exceptional-wine-and-service\/"},"modified":"2024-03-18T21:12:16","modified_gmt":"2024-03-18T21:12:16","slug":"exceptional-wine-and-service","status":"publish","type":"page","link":"https:\/\/www.vinaelrosal.com\/es\/exceptional-wine-and-service\/","title":{"rendered":"Vinos y Servicios Excepcionales"},"content":{"rendered":"<div class=\"exceptional-wine-and-service-section\">\n<div class=\"exceptional-wine-and-service-wrapper\">\n<div class=\"exceptional-image-section\"><img decoding=\"async\" src=\"https:\/\/www.vinaelrosal.com\/wp-content\/uploads\/2024\/01\/Picture1.jpg\" \/><img decoding=\"async\" src=\"https:\/\/www.vinaelrosal.com\/wp-content\/uploads\/2024\/01\/Picture2.jpg\" \/><img decoding=\"async\" src=\"https:\/\/www.vinaelrosal.com\/wp-content\/uploads\/2024\/02\/Servicios.png\" \/><\/div>\n<div class=\"exceptional-content-section\">\n<div class=\"service-title-wrapper\">\n<h3 class=\"service-title\">Vinos y Servicios excepcionales<\/h3>\n<h3 class=\"service-subtitle\">VINOS HECHOS A MEDIDA<\/h3>\n<\/div>\n<div class=\"exceptional-service-content-section\">\n<div class=\"exceptional-service-content-left-section\">\n<h4>Realiza con nosotros:<\/h4>\n<ul>\n<li><i class=\"fa-solid fa-check\"><\/i><span class=\"custom-service\">Vinos personalizados<\/span><\/li>\n<li><i class=\"fa-solid fa-check\"><\/i><span class=\"custom-service\">Embotellado<\/span><\/li>\n<li><i class=\"fa-solid fa-check\"><\/i><span class=\"custom-service\">Almacenamiento &amp; Envejecimiento<\/span><\/li>\n<li><i class=\"fa-solid fa-check\"><\/i><span class=\"custom-service\">Granel<\/span><\/li>\n<li><i class=\"fa-solid fa-check\"><\/i><span class=\"custom-service\">Proyectos Especiales<\/span><\/li>\n<\/ul>\n<\/div>\n<div class=\"exceptional-service-content-right-section\">\n<p style=\"text-align: justify;\"> Nuestra bodega ofrece una gran variedad de servicios adaptados a sus ideas y preferencias. Desde la elaboraci\u00f3n de vinos personalizados en opciones convencionales, org\u00e1nicas, veganas y sostenibles hasta la producci\u00f3n de vinos en diversos formatos como a granel, latas, BIB, Tetra y PET. Por m\u00e1s de 20 a\u00f1os, hemos brindado una constante calidad a todos nuestros clientes alrededor del mundo. <\/p>\n<\/div>\n<\/div>\n<\/div>\n<\/div>\n<\/div>\n","protected":false},"excerpt":{"rendered":"<p>Vinos y Servicios excepcionales VINOS HECHOS A MEDIDA Realiza con nosotros: Vinos personalizados Embotellado Almacenamiento &amp; Envejecimiento Granel Proyectos Especiales Nuestra bodega ofrece una gran variedad de servicios adaptados a sus ideas y preferencias. Desde la elaboraci\u00f3n de vinos personalizados en opciones convencionales, org\u00e1nicas, veganas y sostenibles hasta la producci\u00f3n de vinos en diversos formatos [&hellip;]<\/p>\n","protected":false},"author":1,"featured_media":0,"parent":0,"menu_order":0,"comment_status":"closed","ping_status":"closed","template":"","meta":{"_acf_changed":false,"_genesis_hide_title":false,"_genesis_hide_breadcrumbs":false,"_genesis_hide_singular_image":false,"_genesis_hide_footer_widgets":false,"_genesis_custom_body_class":"exceptional-wine-and-service-page","_genesis_custom_post_class":"","_genesis_layout":"full-width-content","footnotes":""},"class_list":{"0":"post-591","1":"page","2":"type-page","3":"status-publish","5":"entry"},"acf":[],"_links":{"self":[{"href":"https:\/\/www.vinaelrosal.com\/es\/wp-json\/wp\/v2\/pages\/591","targetHints":{"allow":["GET"]}}],"collection":[{"href":"https:\/\/www.vinaelrosal.com\/es\/wp-json\/wp\/v2\/pages"}],"about":[{"href":"https:\/\/www.vinaelrosal.com\/es\/wp-json\/wp\/v2\/types\/page"}],"author":[{"embeddable":true,"href":"https:\/\/www.vinaelrosal.com\/es\/wp-json\/wp\/v2\/users\/1"}],"replies":[{"embeddable":true,"href":"https:\/\/www.vinaelrosal.com\/es\/wp-json\/wp\/v2\/comments?post=591"}],"version-history":[{"count":3,"href":"https:\/\/www.vinaelrosal.com\/es\/wp-json\/wp\/v2\/pages\/591\/revisions"}],"predecessor-version":[{"id":865,"href":"https:\/\/www.vinaelrosal.com\/es\/wp-json\/wp\/v2\/pages\/591\/revisions\/865"}],"wp:attachment":[{"href":"https:\/\/www.vinaelrosal.com\/es\/wp-json\/wp\/v2\/media?parent=591"}],"curies":[{"name":"wp","href":"https:\/\/api.w.org\/{rel}","templated":true}]}}