{"id":592,"date":"2024-01-17T05:11:12","date_gmt":"2024-01-17T05:11:12","guid":{"rendered":"https:\/\/wine.autumn-staging.com\/private-labels\/"},"modified":"2024-03-18T21:14:39","modified_gmt":"2024-03-18T21:14:39","slug":"private-labels","status":"publish","type":"page","link":"https:\/\/www.vinaelrosal.com\/es\/private-labels\/","title":{"rendered":"Marcas Privadas"},"content":{"rendered":"<div class=\"private-labels-desc\">\n<p>&nbsp;<\/p>\n<p>Contamos con una larga trayectoria en la creaci\u00f3n de marcas privadas para clientes de todo el mundo; desde las grandes cadenas como al comercio minorista. Atentos a sus necesidades, nos dedicamos a hacer realidad su visi\u00f3n, creando el vino y la marca de sus sue\u00f1os.<\/p>\n<p>Te acompa\u00f1amos a\u00a0descubrir c\u00f3mo convertir una visi\u00f3n en realidad.\u00a0Cont\u00e1ctanos y colaboremos en la creaci\u00f3n de vinos\u00a0aut\u00e9nticos y atractivos que sobrepasen los est\u00e1ndares\u00a0del mercado<\/p>\n<\/div>\n<div class=\"private-labels-container\">\n<div class=\"private-labels-title-wrapper\">\n<h3 class=\"private-labels-title\">Proyectos<\/h3>\n<\/div>\n<div class=\"private-labels-wrapper\">\n<div class=\"private-labels-content\" data-href=\"#\">\n<h3>9WINE<\/h3>\n<p><img decoding=\"async\" class=\"icon-alto label-brand\" src=\"https:\/\/www.vinaelrosal.com\/wp-content\/uploads\/2024\/01\/9WINE.png\" \/><\/p>\n<\/div>\n<div class=\"private-labels-content\" data-href=\"#\">\n<h3>BRODIE\u2019S+LOVE<\/h3>\n<p><img decoding=\"async\" class=\"icon-alto label-brand\" src=\"https:\/\/www.vinaelrosal.com\/wp-content\/uploads\/2024\/01\/BRODIESLOVE.png\" \/><\/p>\n<\/div>\n<div class=\"private-labels-content\" data-href=\"#\">\n<h3>CREEK BAY<\/h3>\n<p><img decoding=\"async\" class=\"icon-alto label-brand\" src=\"https:\/\/www.vinaelrosal.com\/wp-content\/uploads\/2024\/01\/CREEK-BAY.png\" \/><\/p>\n<p>&nbsp;<\/p>\n<p>&nbsp;<\/p>\n<\/div>\n<div class=\"private-labels-content\" data-href=\"#\">\n<h3>EMILIA<\/h3>\n<p><img decoding=\"async\" class=\"icon-alto label-brand\" src=\"https:\/\/www.vinaelrosal.com\/wp-content\/uploads\/2024\/01\/EMILIA.png\" \/><\/p>\n<\/div>\n<div class=\"private-labels-content\" data-href=\"#\">\n<h3>GREY EAGLE<\/h3>\n<p><img decoding=\"async\" class=\"icon-alto label-brand\" src=\"https:\/\/www.vinaelrosal.com\/wp-content\/uploads\/2024\/01\/GREY-EAGLE.png\" \/><\/p>\n<\/div>\n<div class=\"private-labels-content\" data-href=\"#\">\n<h3>PIEDRA TOSCA<\/h3>\n<p><img decoding=\"async\" class=\"icon-alto label-brand\" src=\"https:\/\/www.vinaelrosal.com\/wp-content\/uploads\/2024\/01\/PIEDRA-TOSCA.png\" \/><\/p>\n<\/div>\n<div class=\"private-labels-content\" data-href=\"#\">\n<h3>HOMESTEAD<\/h3>\n<p><img decoding=\"async\" class=\"icon-alto label-brand\" src=\"https:\/\/www.vinaelrosal.com\/wp-content\/uploads\/2024\/01\/HOMESTEAD.png\" \/><\/p>\n<\/div>\n<div class=\"private-labels-content\" data-href=\"#\">\n<h3>THE BUTTERNUT TREE<\/h3>\n<p><img decoding=\"async\" class=\"icon-alto label-brand\" src=\"https:\/\/www.vinaelrosal.com\/wp-content\/uploads\/2024\/01\/THE-BUTTERNUT-.png\" \/><\/p>\n<\/div>\n<\/div>\n<\/div>\n","protected":false},"excerpt":{"rendered":"<p>&nbsp; Contamos con una larga trayectoria en la creaci\u00f3n de marcas privadas para clientes de todo el mundo; desde las grandes cadenas como al comercio minorista. Atentos a sus necesidades, nos dedicamos a hacer realidad su visi\u00f3n, creando el vino y la marca de sus sue\u00f1os. Te acompa\u00f1amos a\u00a0descubrir c\u00f3mo convertir una visi\u00f3n en realidad.\u00a0Cont\u00e1ctanos [&hellip;]<\/p>\n","protected":false},"author":1,"featured_media":0,"parent":0,"menu_order":0,"comment_status":"closed","ping_status":"closed","template":"","meta":{"_acf_changed":false,"_genesis_hide_title":false,"_genesis_hide_breadcrumbs":false,"_genesis_hide_singular_image":false,"_genesis_hide_footer_widgets":false,"_genesis_custom_body_class":"private-labels-page","_genesis_custom_post_class":"","_genesis_layout":"full-width-content","footnotes":""},"class_list":{"0":"post-592","1":"page","2":"type-page","3":"status-publish","5":"entry"},"acf":[],"_links":{"self":[{"href":"https:\/\/www.vinaelrosal.com\/es\/wp-json\/wp\/v2\/pages\/592","targetHints":{"allow":["GET"]}}],"collection":[{"href":"https:\/\/www.vinaelrosal.com\/es\/wp-json\/wp\/v2\/pages"}],"about":[{"href":"https:\/\/www.vinaelrosal.com\/es\/wp-json\/wp\/v2\/types\/page"}],"author":[{"embeddable":true,"href":"https:\/\/www.vinaelrosal.com\/es\/wp-json\/wp\/v2\/users\/1"}],"replies":[{"embeddable":true,"href":"https:\/\/www.vinaelrosal.com\/es\/wp-json\/wp\/v2\/comments?post=592"}],"version-history":[{"count":2,"href":"https:\/\/www.vinaelrosal.com\/es\/wp-json\/wp\/v2\/pages\/592\/revisions"}],"predecessor-version":[{"id":867,"href":"https:\/\/www.vinaelrosal.com\/es\/wp-json\/wp\/v2\/pages\/592\/revisions\/867"}],"wp:attachment":[{"href":"https:\/\/www.vinaelrosal.com\/es\/wp-json\/wp\/v2\/media?parent=592"}],"curies":[{"name":"wp","href":"https:\/\/api.w.org\/{rel}","templated":true}]}}