{"id":620,"date":"2024-01-18T13:17:22","date_gmt":"2024-01-18T13:17:22","guid":{"rendered":"https:\/\/wine.autumn-staging.com\/awards\/"},"modified":"2024-04-01T22:14:07","modified_gmt":"2024-04-01T22:14:07","slug":"awards","status":"publish","type":"page","link":"https:\/\/www.vinaelrosal.com\/es\/awards\/","title":{"rendered":"premios"},"content":{"rendered":"<div class=\"awards-wrapper\">\n<div class=\"awards-section-wrapper\">\n<h3>Descorchados 2024: Colecci\u00f3n del En\u00f3logo &#8211; Un testamento a la calidad<\/h3>\n<p><img decoding=\"async\" src=\"https:\/\/www.vinaelrosal.com\/wp-content\/uploads\/2024\/02\/winemaker-award.png\" \/><\/p>\n<div class=\"awards-desc\">\n<p style=\"text-align: justify;\">Este a\u00f1o, tres de nuestras c\u00e9lebres variedades de vino han obtenido grandes elogios por parte de Descorchados. Elaborados con pasi\u00f3n, los vinos premium de nuestra Winemaker&#8217;s Collection son un verdadero testimonio del arte de la elaboraci\u00f3n del vino. Cada variedad es una sinfon\u00eda de sabores, meticulosamente mezclados para crear una experiencia inolvidable.<\/p>\n<p style=\"text-align: justify;\">Cada botella cuenta una historia; muy complejo en nariz, con taninos aterciopelados que reflejan las caracter\u00edsticas \u00fanicas de la variedad de uva, la regi\u00f3n de donde proviene y las t\u00e9cnicas de elaboraci\u00f3n del vino.<\/p>\n<p>Con un solo sorbo de estos vinos Premium podr\u00e1s transportarte a nuestra maravillosa bodega enclavada en el coraz\u00f3n de Casablanca.<\/p>\n<p>Descubra m\u00e1s en <a href=\"https:\/\/www.vinaelrosal.com\/es\/wine_category\/winemakers-collection-es\/\">nuestra secci\u00f3n de vinos<\/a>.<\/p>\n<\/div>\n<\/div>\n<div class=\"awards-section-wrapper\">\n<h3>Descorchados 2024: Reserva &#8211; Un viaje de sabores<\/h3>\n<p><img decoding=\"async\" src=\"https:\/\/www.vinaelrosal.com\/wp-content\/uploads\/2024\/02\/reserva-award.png\" \/><\/p>\n<div class=\"awards-desc\">\n<p style=\"text-align: justify;\">Sauvignon Blanc Reserva de Vi\u00f1a EL Rosal es reconocido por su car\u00e1cter refrescante y jugoso. En nariz, puede esperar una deliciosa combinaci\u00f3n de lima y pomelo, con toques de tomate y chile. Es de cuerpo medio y persistente, lo que le confiere una cualidad fresca y vigorizante. Es el vino perfecto para disfrutar en una c\u00e1lida tarde de verano o para acompa\u00f1ar platos ligeros de marisco o pescado.<\/p>\n<p>Descorchados ha reconocido sus sabores y aromas, que a\u00f1aden capas de complejidad haciendo de cada sorbo una experiencia \u00fanica y placentera.<\/p>\n<p>Descubra m\u00e1s en <a href=\"https:\/\/www.vinaelrosal.com\/es\/wine_category\/reserva-es\/\">nuestra secci\u00f3n de vinos<\/a>.<\/p>\n<\/div>\n<\/div>\n<\/div>\n","protected":false},"excerpt":{"rendered":"<p>Descorchados 2024: Colecci\u00f3n del En\u00f3logo &#8211; Un testamento a la calidad Este a\u00f1o, tres de nuestras c\u00e9lebres variedades de vino han obtenido grandes elogios por parte de Descorchados. Elaborados con pasi\u00f3n, los vinos premium de nuestra Winemaker&#8217;s Collection son un verdadero testimonio del arte de la elaboraci\u00f3n del vino. Cada variedad es una sinfon\u00eda de [&hellip;]<\/p>\n","protected":false},"author":1,"featured_media":0,"parent":0,"menu_order":0,"comment_status":"closed","ping_status":"closed","template":"","meta":{"_acf_changed":false,"_genesis_hide_title":false,"_genesis_hide_breadcrumbs":false,"_genesis_hide_singular_image":false,"_genesis_hide_footer_widgets":false,"_genesis_custom_body_class":"awards-page","_genesis_custom_post_class":"","_genesis_layout":"full-width-content","footnotes":""},"class_list":{"0":"post-620","1":"page","2":"type-page","3":"status-publish","5":"entry"},"acf":[],"_links":{"self":[{"href":"https:\/\/www.vinaelrosal.com\/es\/wp-json\/wp\/v2\/pages\/620","targetHints":{"allow":["GET"]}}],"collection":[{"href":"https:\/\/www.vinaelrosal.com\/es\/wp-json\/wp\/v2\/pages"}],"about":[{"href":"https:\/\/www.vinaelrosal.com\/es\/wp-json\/wp\/v2\/types\/page"}],"author":[{"embeddable":true,"href":"https:\/\/www.vinaelrosal.com\/es\/wp-json\/wp\/v2\/users\/1"}],"replies":[{"embeddable":true,"href":"https:\/\/www.vinaelrosal.com\/es\/wp-json\/wp\/v2\/comments?post=620"}],"version-history":[{"count":3,"href":"https:\/\/www.vinaelrosal.com\/es\/wp-json\/wp\/v2\/pages\/620\/revisions"}],"predecessor-version":[{"id":961,"href":"https:\/\/www.vinaelrosal.com\/es\/wp-json\/wp\/v2\/pages\/620\/revisions\/961"}],"wp:attachment":[{"href":"https:\/\/www.vinaelrosal.com\/es\/wp-json\/wp\/v2\/media?parent=620"}],"curies":[{"name":"wp","href":"https:\/\/api.w.org\/{rel}","templated":true}]}}