{"id":621,"date":"2024-01-18T13:18:07","date_gmt":"2024-01-18T13:18:07","guid":{"rendered":"https:\/\/wine.autumn-staging.com\/news\/"},"modified":"2024-03-18T21:16:06","modified_gmt":"2024-03-18T21:16:06","slug":"news","status":"publish","type":"page","link":"https:\/\/www.vinaelrosal.com\/es\/news\/","title":{"rendered":"NOTICIAS"},"content":{"rendered":"<div class=\"news-wrapper\">\n<h3>Noticias de \u00faltima hora: \u00a1Celebrando la Primera Certificaci\u00f3n Org\u00e1nica NOP de Vi\u00f1a El Rosal!<\/h3>\n<div class=\"news-image-wrapper\">\n<div class=\"news-image-top-section\"><img decoding=\"async\" src=\"https:\/\/www.vinaelrosal.com\/wp-content\/uploads\/2024\/02\/news-1.jpg\" \/><br \/>\n<img decoding=\"async\" src=\"https:\/\/www.vinaelrosal.com\/wp-content\/uploads\/2024\/02\/news-10.png\" \/><\/div>\n<div class=\"news-image-middle-section\"><img decoding=\"async\" src=\"https:\/\/www.vinaelrosal.com\/wp-content\/uploads\/2024\/02\/news-6.png\" \/><\/div>\n<div class=\"news-image-bottom-section\"><img decoding=\"async\" src=\"https:\/\/www.vinaelrosal.com\/wp-content\/uploads\/2024\/02\/news-3.jpg\" \/><br \/>\n<img decoding=\"async\" src=\"https:\/\/www.vinaelrosal.com\/wp-content\/uploads\/2024\/02\/news-4.jpg\" \/><br \/>\n<img decoding=\"async\" src=\"https:\/\/www.vinaelrosal.com\/wp-content\/uploads\/2024\/02\/news-5.jpg\" \/><\/div>\n<\/div>\n<div class=\"news-content-wrapper\">\n<p style=\"text-align: justify;\"> \u00a1Estamos encantados de anunciar que seg\u00fan el Programa Nacional Org\u00e1nico (NOP), Vi\u00f1a El Rosal ha obtenido oficialmente su primera certificaci\u00f3n para producir vinos org\u00e1nicos! Se trata de un logro monumental para el vi\u00f1edo y un hito importante en el mundo de la vinificaci\u00f3n sostenible.<\/p>\n<h3>\u00a1Felicitaciones al equipo de Vi\u00f1a El Rosal!<\/h3>\n<p style=\"text-align: justify;\">Nos gustar\u00eda extender nuestras m\u00e1s c\u00e1lidas felicitaciones al trabajador equipo de Vi\u00f1a El Rosal por su incansable dedicaci\u00f3n y compromiso en la producci\u00f3n de vinos org\u00e1nicos de alta calidad. Nuestra pasi\u00f3n por la sostenibilidad y el respeto por el medio ambiente han dado sus frutos, permiti\u00e9ndonos emerger como pioneros en la industria.<\/p>\n<\/div>\n<\/div>\n","protected":false},"excerpt":{"rendered":"<p>Noticias de \u00faltima hora: \u00a1Celebrando la Primera Certificaci\u00f3n Org\u00e1nica NOP de Vi\u00f1a El Rosal! \u00a1Estamos encantados de anunciar que seg\u00fan el Programa Nacional Org\u00e1nico (NOP), Vi\u00f1a El Rosal ha obtenido oficialmente su primera certificaci\u00f3n para producir vinos org\u00e1nicos! Se trata de un logro monumental para el vi\u00f1edo y un hito importante en el mundo de [&hellip;]<\/p>\n","protected":false},"author":1,"featured_media":0,"parent":0,"menu_order":0,"comment_status":"closed","ping_status":"closed","template":"","meta":{"_acf_changed":false,"_genesis_hide_title":false,"_genesis_hide_breadcrumbs":false,"_genesis_hide_singular_image":false,"_genesis_hide_footer_widgets":false,"_genesis_custom_body_class":"news-page","_genesis_custom_post_class":"","_genesis_layout":"full-width-content","footnotes":""},"class_list":{"0":"post-621","1":"page","2":"type-page","3":"status-publish","5":"entry"},"acf":[],"_links":{"self":[{"href":"https:\/\/www.vinaelrosal.com\/es\/wp-json\/wp\/v2\/pages\/621","targetHints":{"allow":["GET"]}}],"collection":[{"href":"https:\/\/www.vinaelrosal.com\/es\/wp-json\/wp\/v2\/pages"}],"about":[{"href":"https:\/\/www.vinaelrosal.com\/es\/wp-json\/wp\/v2\/types\/page"}],"author":[{"embeddable":true,"href":"https:\/\/www.vinaelrosal.com\/es\/wp-json\/wp\/v2\/users\/1"}],"replies":[{"embeddable":true,"href":"https:\/\/www.vinaelrosal.com\/es\/wp-json\/wp\/v2\/comments?post=621"}],"version-history":[{"count":2,"href":"https:\/\/www.vinaelrosal.com\/es\/wp-json\/wp\/v2\/pages\/621\/revisions"}],"predecessor-version":[{"id":869,"href":"https:\/\/www.vinaelrosal.com\/es\/wp-json\/wp\/v2\/pages\/621\/revisions\/869"}],"wp:attachment":[{"href":"https:\/\/www.vinaelrosal.com\/es\/wp-json\/wp\/v2\/media?parent=621"}],"curies":[{"name":"wp","href":"https:\/\/api.w.org\/{rel}","templated":true}]}}